{"id":317,"date":"2018-10-11T11:39:55","date_gmt":"2018-10-11T11:39:55","guid":{"rendered":"http:\/\/www.royalmassagecenter.com\/abril\/"},"modified":"2023-02-27T20:10:23","modified_gmt":"2023-02-27T18:10:23","slug":"abril","status":"publish","type":"page","link":"https:\/\/www.royalmassagecenter.com\/es\/abril\/","title":{"rendered":"Abril"},"content":{"rendered":"<p><div class=\"fusion-fullwidth fullwidth-box fusion-builder-row-1 nonhundred-percent-fullwidth non-hundred-percent-height-scrolling\"  style='background-color: rgba(36,36,36,0);background-position: center center;background-repeat: no-repeat;padding-top:0px;padding-right:0px;padding-bottom:0px;padding-left:0px;'><div class=\"fusion-builder-row fusion-row \"><div  class=\"fusion-layout-column fusion_builder_column fusion_builder_column_1_1 fusion-builder-column-1 fusion-one-full fusion-column-first fusion-column-last 1_1\"  style='margin-top:0px;margin-bottom:20px;'>\n\t\t\t\t\t<div class=\"fusion-column-wrapper\" style=\"padding: 0px 0px 0px 0px;background-position:left top;background-repeat:no-repeat;-webkit-background-size:cover;-moz-background-size:cover;-o-background-size:cover;background-size:cover;\"   data-bg-url=\"\">\n\t\t\t\t\t\t<div class=\"fusion-sep-clear\"><\/div><div class=\"fusion-separator fusion-full-width-sep sep-none\" style=\"margin-left: auto;margin-right: auto;margin-top:50px;\"><\/div><div class=\"fusion-text\"><h1>Abril<\/h1>\n<p>Cabello casta\u00f1o, 20 a\u00f1os. Una espectacular masajista con labios carnosos y sensuales y, por tanto, una sonrisa de ni\u00f1a. Sus t\u00e9cnicas son precisas y, junto con el placer que le brinda su toque durante la sesi\u00f3n de masaje, sentir\u00e1 su piel suave y toda su feminidad.<\/p>\n<\/div><div class=\"fusion-clearfix\"><\/div>\n\n\t\t\t\t\t<\/div>\n\t\t\t\t<\/div><div  class=\"fusion-layout-column fusion_builder_column fusion_builder_column_1_2 fusion-builder-column-2 fusion-one-half fusion-column-first 1_2\"  style='margin-top:0px;margin-bottom:20px;width:50%;width:calc(50% - ( ( 4% ) * 0.5 ) );margin-right: 4%;'>\n\t\t\t\t\t<div class=\"fusion-column-wrapper\" style=\"border:1px solid #f3da7a;padding: 0px 0px 0px 0px;background-position:left top;background-repeat:no-repeat;-webkit-background-size:cover;-moz-background-size:cover;-o-background-size:cover;background-size:cover;\"   data-bg-url=\"\">\n\t\t\t\t\t\t<span class=\"fusion-imageframe imageframe-none imageframe-1 hover-type-none\"><img loading=\"lazy\" decoding=\"async\" src=\"https:\/\/www.royalmassagecenter.com\/wp-content\/uploads\/2023\/02\/abril-4.jpg\" width=\"1200\" height=\"800\" alt=\"\" title=\"abril 4\" class=\"img-responsive wp-image-1063\" srcset=\"https:\/\/www.royalmassagecenter.com\/wp-content\/uploads\/2023\/02\/abril-4-200x133.jpg 200w, https:\/\/www.royalmassagecenter.com\/wp-content\/uploads\/2023\/02\/abril-4-400x267.jpg 400w, https:\/\/www.royalmassagecenter.com\/wp-content\/uploads\/2023\/02\/abril-4-600x400.jpg 600w, https:\/\/www.royalmassagecenter.com\/wp-content\/uploads\/2023\/02\/abril-4-800x533.jpg 800w, https:\/\/www.royalmassagecenter.com\/wp-content\/uploads\/2023\/02\/abril-4.jpg 1200w\" sizes=\"auto, (max-width: 800px) 100vw, 600px\" \/><\/span><div class=\"fusion-clearfix\"><\/div>\n\n\t\t\t\t\t<\/div>\n\t\t\t\t<\/div><div  class=\"fusion-layout-column fusion_builder_column fusion_builder_column_1_2 fusion-builder-column-3 fusion-one-half fusion-column-last 1_2\"  style='margin-top:0px;margin-bottom:20px;width:50%;width:calc(50% - ( ( 4% ) * 0.5 ) );'>\n\t\t\t\t\t<div class=\"fusion-column-wrapper\" style=\"border:1px solid #f3da7a;padding: 0px 0px 0px 0px;background-position:left top;background-repeat:no-repeat;-webkit-background-size:cover;-moz-background-size:cover;-o-background-size:cover;background-size:cover;\"   data-bg-url=\"\">\n\t\t\t\t\t\t<span class=\"fusion-imageframe imageframe-none imageframe-2 hover-type-none\"><img loading=\"lazy\" decoding=\"async\" src=\"https:\/\/www.royalmassagecenter.com\/wp-content\/uploads\/2023\/02\/1-abril.jpg\" width=\"1101\" height=\"733\" alt=\"\" title=\"1 abril\" class=\"img-responsive wp-image-1071\" srcset=\"https:\/\/www.royalmassagecenter.com\/wp-content\/uploads\/2023\/02\/1-abril-200x133.jpg 200w, https:\/\/www.royalmassagecenter.com\/wp-content\/uploads\/2023\/02\/1-abril-400x266.jpg 400w, https:\/\/www.royalmassagecenter.com\/wp-content\/uploads\/2023\/02\/1-abril-600x399.jpg 600w, https:\/\/www.royalmassagecenter.com\/wp-content\/uploads\/2023\/02\/1-abril-800x533.jpg 800w, https:\/\/www.royalmassagecenter.com\/wp-content\/uploads\/2023\/02\/1-abril.jpg 1101w\" sizes=\"auto, (max-width: 800px) 100vw, 600px\" \/><\/span><div class=\"fusion-clearfix\"><\/div>\n\n\t\t\t\t\t<\/div>\n\t\t\t\t<\/div><\/div><\/div><div class=\"fusion-fullwidth fullwidth-box fusion-builder-row-2 nonhundred-percent-fullwidth non-hundred-percent-height-scrolling\"  style='background-color: rgba(36,36,36,0);background-position: center center;background-repeat: no-repeat;padding-top:20px;padding-right:0px;padding-bottom:20px;padding-left:0px;'><div class=\"fusion-builder-row fusion-row \"><div  class=\"fusion-layout-column fusion_builder_column fusion_builder_column_1_1 fusion-builder-column-4 fusion-one-full fusion-column-first fusion-column-last 1_1\"  style='margin-top:0px;margin-bottom:20px;'>\n\t\t\t\t\t<div class=\"fusion-column-wrapper\" style=\"padding: 0px 0px 0px 0px;background-position:left top;background-repeat:no-repeat;-webkit-background-size:cover;-moz-background-size:cover;-o-background-size:cover;background-size:cover;\"   data-bg-url=\"\">\n\t\t\t\t\t\t<div class=\"imageframe-align-center\"><span class=\"fusion-imageframe imageframe-none imageframe-3 hover-type-none\"><img loading=\"lazy\" decoding=\"async\" src=\"https:\/\/www.royalmassagecenter.com\/wp-content\/uploads\/2018\/10\/separador.png\" width=\"273\" height=\"37\" alt=\"\" title=\"separador\" class=\"img-responsive wp-image-245\" srcset=\"https:\/\/www.royalmassagecenter.com\/wp-content\/uploads\/2018\/10\/separador-200x27.png 200w, https:\/\/www.royalmassagecenter.com\/wp-content\/uploads\/2018\/10\/separador.png 273w\" sizes=\"auto, (max-width: 800px) 100vw, 273px\" \/><\/span><\/div><div class=\"fusion-button-wrapper fusion-aligncenter\"><style type=\"text\/css\">.fusion-button.button-1 {border-radius:2px;}<\/style><a class=\"fusion-button button-flat fusion-button-default-size button-default button-1 fusion-button-default-span fusion-button-default-type\" target=\"_self\" href=\"https:\/\/www.royalmassagecenter.com\/es\/contacto\/\"><span class=\"fusion-button-text\">Reservar ahora<\/span><\/a><\/div><div class=\"imageframe-align-center\"><span class=\"fusion-imageframe imageframe-none imageframe-4 hover-type-none\"><img loading=\"lazy\" decoding=\"async\" src=\"https:\/\/www.royalmassagecenter.com\/wp-content\/uploads\/2018\/10\/separador.png\" width=\"273\" height=\"37\" alt=\"\" title=\"separador\" class=\"img-responsive wp-image-245\" srcset=\"https:\/\/www.royalmassagecenter.com\/wp-content\/uploads\/2018\/10\/separador-200x27.png 200w, https:\/\/www.royalmassagecenter.com\/wp-content\/uploads\/2018\/10\/separador.png 273w\" sizes=\"auto, (max-width: 800px) 100vw, 273px\" \/><\/span><\/div><div class=\"fusion-clearfix\"><\/div>\n\n\t\t\t\t\t<\/div>\n\t\t\t\t<\/div><div  class=\"fusion-layout-column fusion_builder_column fusion_builder_column_1_1 fusion-builder-column-5 fusion-one-full fusion-column-first fusion-column-last 1_1\"  style='margin-top:0px;margin-bottom:20px;'>\n\t\t\t\t\t<div class=\"fusion-column-wrapper\" style=\"padding: 0px 0px 0px 0px;background-position:left top;background-repeat:no-repeat;-webkit-background-size:cover;-moz-background-size:cover;-o-background-size:cover;background-size:cover;\"   data-bg-url=\"\">\n\t\t\t\t\t\t<div class=\"fusion-sep-clear\"><\/div><div class=\"fusion-separator fusion-full-width-sep sep-shadow\" style=\"background:radial-gradient(ellipse at 50% -50% , #f3da7a 0px, rgba(255, 255, 255, 0) 80%) repeat scroll 0 0 rgba(0, 0, 0, 0);background:-webkit-radial-gradient(ellipse at 50% -50% , #f3da7a 0px, rgba(255, 255, 255, 0) 80%) repeat scroll 0 0 rgba(0, 0, 0, 0);background:-moz-radial-gradient(ellipse at 50% -50% , #f3da7a 0px, rgba(255, 255, 255, 0) 80%) repeat scroll 0 0 rgba(0, 0, 0, 0);background:-o-radial-gradient(ellipse at 50% -50% , #f3da7a 0px, rgba(255, 255, 255, 0) 80%) repeat scroll 0 0 rgba(0, 0, 0, 0);margin-left: auto;margin-right: auto;margin-top:;margin-bottom:20px;\"><\/div><div class=\"fusion-text\"><h2 style=\"text-align: center;\"><a href=\"https:\/\/www.royalmassagecenter.com\/es\/#masajistas\">Ver todas las masajistas<\/a><\/h2>\n<\/div><div class=\"fusion-clearfix\"><\/div>\n\n\t\t\t\t\t<\/div>\n\t\t\t\t<\/div><\/div><\/div><\/p>\n","protected":false},"excerpt":{"rendered":"","protected":false},"author":1,"featured_media":0,"parent":0,"menu_order":0,"comment_status":"closed","ping_status":"closed","template":"","meta":{"footnotes":""},"class_list":["post-317","page","type-page","status-publish","hentry"],"yoast_head":"<!-- This site is optimized with the Yoast SEO plugin v25.6 - https:\/\/yoast.com\/wordpress\/plugins\/seo\/ -->\n<title>Abril &#183; Royal Massage Barcelona<\/title>\n<meta name=\"robots\" content=\"index, follow, max-snippet:-1, max-image-preview:large, max-video-preview:-1\" \/>\n<link rel=\"canonical\" href=\"https:\/\/www.royalmassagecenter.com\/es\/abril\/\" \/>\n<meta property=\"og:locale\" content=\"es_ES\" \/>\n<meta property=\"og:type\" content=\"article\" \/>\n<meta property=\"og:title\" content=\"Abril &#183; Royal Massage Barcelona\" \/>\n<meta property=\"og:url\" content=\"https:\/\/www.royalmassagecenter.com\/es\/abril\/\" \/>\n<meta property=\"og:site_name\" content=\"Royal Massage Barcelona\" \/>\n<meta property=\"article:modified_time\" content=\"2023-02-27T18:10:23+00:00\" \/>\n<meta name=\"twitter:card\" content=\"summary_large_image\" \/>\n<meta name=\"twitter:label1\" content=\"Tiempo de lectura\" \/>\n\t<meta name=\"twitter:data1\" content=\"2 minutos\" \/>\n<script type=\"application\/ld+json\" class=\"yoast-schema-graph\">{\"@context\":\"https:\/\/schema.org\",\"@graph\":[{\"@type\":\"WebPage\",\"@id\":\"https:\/\/www.royalmassagecenter.com\/es\/abril\/\",\"url\":\"https:\/\/www.royalmassagecenter.com\/es\/abril\/\",\"name\":\"Abril &#183; Royal Massage Barcelona\",\"isPartOf\":{\"@id\":\"https:\/\/www.royalmassagecenter.com\/#website\"},\"datePublished\":\"2018-10-11T11:39:55+00:00\",\"dateModified\":\"2023-02-27T18:10:23+00:00\",\"breadcrumb\":{\"@id\":\"https:\/\/www.royalmassagecenter.com\/es\/abril\/#breadcrumb\"},\"inLanguage\":\"es\",\"potentialAction\":[{\"@type\":\"ReadAction\",\"target\":[\"https:\/\/www.royalmassagecenter.com\/es\/abril\/\"]}]},{\"@type\":\"BreadcrumbList\",\"@id\":\"https:\/\/www.royalmassagecenter.com\/es\/abril\/#breadcrumb\",\"itemListElement\":[{\"@type\":\"ListItem\",\"position\":1,\"name\":\"Portada\",\"item\":\"https:\/\/www.royalmassagecenter.com\/es\/\"},{\"@type\":\"ListItem\",\"position\":2,\"name\":\"Abril\"}]},{\"@type\":\"WebSite\",\"@id\":\"https:\/\/www.royalmassagecenter.com\/#website\",\"url\":\"https:\/\/www.royalmassagecenter.com\/\",\"name\":\"Royal Massage Barcelona\",\"description\":\"\",\"potentialAction\":[{\"@type\":\"SearchAction\",\"target\":{\"@type\":\"EntryPoint\",\"urlTemplate\":\"https:\/\/www.royalmassagecenter.com\/?s={search_term_string}\"},\"query-input\":{\"@type\":\"PropertyValueSpecification\",\"valueRequired\":true,\"valueName\":\"search_term_string\"}}],\"inLanguage\":\"es\"}]}<\/script>\n<!-- \/ Yoast SEO plugin. -->","yoast_head_json":{"title":"Abril &#183; Royal Massage Barcelona","robots":{"index":"index","follow":"follow","max-snippet":"max-snippet:-1","max-image-preview":"max-image-preview:large","max-video-preview":"max-video-preview:-1"},"canonical":"https:\/\/www.royalmassagecenter.com\/es\/abril\/","og_locale":"es_ES","og_type":"article","og_title":"Abril &#183; Royal Massage Barcelona","og_url":"https:\/\/www.royalmassagecenter.com\/es\/abril\/","og_site_name":"Royal Massage Barcelona","article_modified_time":"2023-02-27T18:10:23+00:00","twitter_card":"summary_large_image","twitter_misc":{"Tiempo de lectura":"2 minutos"},"schema":{"@context":"https:\/\/schema.org","@graph":[{"@type":"WebPage","@id":"https:\/\/www.royalmassagecenter.com\/es\/abril\/","url":"https:\/\/www.royalmassagecenter.com\/es\/abril\/","name":"Abril &#183; Royal Massage Barcelona","isPartOf":{"@id":"https:\/\/www.royalmassagecenter.com\/#website"},"datePublished":"2018-10-11T11:39:55+00:00","dateModified":"2023-02-27T18:10:23+00:00","breadcrumb":{"@id":"https:\/\/www.royalmassagecenter.com\/es\/abril\/#breadcrumb"},"inLanguage":"es","potentialAction":[{"@type":"ReadAction","target":["https:\/\/www.royalmassagecenter.com\/es\/abril\/"]}]},{"@type":"BreadcrumbList","@id":"https:\/\/www.royalmassagecenter.com\/es\/abril\/#breadcrumb","itemListElement":[{"@type":"ListItem","position":1,"name":"Portada","item":"https:\/\/www.royalmassagecenter.com\/es\/"},{"@type":"ListItem","position":2,"name":"Abril"}]},{"@type":"WebSite","@id":"https:\/\/www.royalmassagecenter.com\/#website","url":"https:\/\/www.royalmassagecenter.com\/","name":"Royal Massage Barcelona","description":"","potentialAction":[{"@type":"SearchAction","target":{"@type":"EntryPoint","urlTemplate":"https:\/\/www.royalmassagecenter.com\/?s={search_term_string}"},"query-input":{"@type":"PropertyValueSpecification","valueRequired":true,"valueName":"search_term_string"}}],"inLanguage":"es"}]}},"_links":{"self":[{"href":"https:\/\/www.royalmassagecenter.com\/es\/wp-json\/wp\/v2\/pages\/317","targetHints":{"allow":["GET"]}}],"collection":[{"href":"https:\/\/www.royalmassagecenter.com\/es\/wp-json\/wp\/v2\/pages"}],"about":[{"href":"https:\/\/www.royalmassagecenter.com\/es\/wp-json\/wp\/v2\/types\/page"}],"author":[{"embeddable":true,"href":"https:\/\/www.royalmassagecenter.com\/es\/wp-json\/wp\/v2\/users\/1"}],"replies":[{"embeddable":true,"href":"https:\/\/www.royalmassagecenter.com\/es\/wp-json\/wp\/v2\/comments?post=317"}],"version-history":[{"count":10,"href":"https:\/\/www.royalmassagecenter.com\/es\/wp-json\/wp\/v2\/pages\/317\/revisions"}],"predecessor-version":[{"id":1077,"href":"https:\/\/www.royalmassagecenter.com\/es\/wp-json\/wp\/v2\/pages\/317\/revisions\/1077"}],"wp:attachment":[{"href":"https:\/\/www.royalmassagecenter.com\/es\/wp-json\/wp\/v2\/media?parent=317"}],"curies":[{"name":"wp","href":"https:\/\/api.w.org\/{rel}","templated":true}]}}