{"id":322,"date":"2018-10-10T12:44:01","date_gmt":"2018-10-10T12:44:01","guid":{"rendered":"http:\/\/www.royalmassagecenter.com\/judit\/"},"modified":"2023-02-27T20:22:15","modified_gmt":"2023-02-27T18:22:15","slug":"judit","status":"publish","type":"page","link":"https:\/\/www.royalmassagecenter.com\/es\/judit\/","title":{"rendered":"Judit"},"content":{"rendered":"<p><div class=\"fusion-fullwidth fullwidth-box fusion-builder-row-1 nonhundred-percent-fullwidth non-hundred-percent-height-scrolling\"  style='background-color: rgba(36,36,36,0);background-position: center center;background-repeat: no-repeat;padding-top:0px;padding-right:0px;padding-bottom:0px;padding-left:0px;'><div class=\"fusion-builder-row fusion-row \"><div  class=\"fusion-layout-column fusion_builder_column fusion_builder_column_1_1 fusion-builder-column-1 fusion-one-full fusion-column-first fusion-column-last 1_1\"  style='margin-top:0px;margin-bottom:20px;'>\n\t\t\t\t\t<div class=\"fusion-column-wrapper\" style=\"padding: 0px 0px 0px 0px;background-position:left top;background-repeat:no-repeat;-webkit-background-size:cover;-moz-background-size:cover;-o-background-size:cover;background-size:cover;\"   data-bg-url=\"\">\n\t\t\t\t\t\t<div class=\"fusion-sep-clear\"><\/div><div class=\"fusion-separator fusion-full-width-sep sep-none\" style=\"margin-left: auto;margin-right: auto;margin-top:50px;\"><\/div><div class=\"fusion-text\"><h1>Judit<\/h1>\n<p>Pelo casta\u00f1o, 21 a\u00f1os. Judit tiene una belleza y unas curvas incomparables, nuestra masajista te llevar\u00e1 a vivir un momento inolvidable, su amabilidad y amor por lo que hace te deleitar\u00e1n. Su sensualidad y erotismo se aprecia desde el primer minuto del masaje.<\/p>\n<\/div><div class=\"fusion-clearfix\"><\/div>\n\n\t\t\t\t\t<\/div>\n\t\t\t\t<\/div><div  class=\"fusion-layout-column fusion_builder_column fusion_builder_column_1_2 fusion-builder-column-2 fusion-one-half fusion-column-first 1_2\"  style='margin-top:0px;margin-bottom:20px;width:50%;width:calc(50% - ( ( 4% ) * 0.5 ) );margin-right: 4%;'>\n\t\t\t\t\t<div class=\"fusion-column-wrapper\" style=\"border:1px solid #f3da7a;padding: 0px 0px 0px 0px;background-position:left top;background-repeat:no-repeat;-webkit-background-size:cover;-moz-background-size:cover;-o-background-size:cover;background-size:cover;\"   data-bg-url=\"\">\n\t\t\t\t\t\t<span class=\"fusion-imageframe imageframe-none imageframe-1 hover-type-none\"><img loading=\"lazy\" decoding=\"async\" src=\"https:\/\/www.royalmassagecenter.com\/wp-content\/uploads\/2018\/09\/JUDIT.jpg\" width=\"650\" height=\"433\" alt=\"\" title=\"JUDIT\" class=\"img-responsive wp-image-193\" srcset=\"https:\/\/www.royalmassagecenter.com\/wp-content\/uploads\/2018\/09\/JUDIT-200x133.jpg 200w, https:\/\/www.royalmassagecenter.com\/wp-content\/uploads\/2018\/09\/JUDIT-400x266.jpg 400w, https:\/\/www.royalmassagecenter.com\/wp-content\/uploads\/2018\/09\/JUDIT-600x400.jpg 600w, https:\/\/www.royalmassagecenter.com\/wp-content\/uploads\/2018\/09\/JUDIT.jpg 650w\" sizes=\"auto, (max-width: 800px) 100vw, 600px\" \/><\/span><div class=\"fusion-clearfix\"><\/div>\n\n\t\t\t\t\t<\/div>\n\t\t\t\t<\/div><div  class=\"fusion-layout-column fusion_builder_column fusion_builder_column_1_2 fusion-builder-column-3 fusion-one-half fusion-column-last 1_2\"  style='margin-top:0px;margin-bottom:20px;width:50%;width:calc(50% - ( ( 4% ) * 0.5 ) );'>\n\t\t\t\t\t<div class=\"fusion-column-wrapper\" style=\"border:1px solid #f3da7a;padding: 0px 0px 0px 0px;background-position:left top;background-repeat:no-repeat;-webkit-background-size:cover;-moz-background-size:cover;-o-background-size:cover;background-size:cover;\"   data-bg-url=\"\">\n\t\t\t\t\t\t<span class=\"fusion-imageframe imageframe-none imageframe-2 hover-type-none\"><img loading=\"lazy\" decoding=\"async\" src=\"https:\/\/www.royalmassagecenter.com\/wp-content\/uploads\/2018\/10\/Judit-5.jpg\" width=\"650\" height=\"433\" alt=\"\" title=\"Judit 5\" class=\"img-responsive wp-image-254\" srcset=\"https:\/\/www.royalmassagecenter.com\/wp-content\/uploads\/2018\/10\/Judit-5-200x133.jpg 200w, https:\/\/www.royalmassagecenter.com\/wp-content\/uploads\/2018\/10\/Judit-5-400x266.jpg 400w, https:\/\/www.royalmassagecenter.com\/wp-content\/uploads\/2018\/10\/Judit-5-600x400.jpg 600w, https:\/\/www.royalmassagecenter.com\/wp-content\/uploads\/2018\/10\/Judit-5.jpg 650w\" sizes=\"auto, (max-width: 800px) 100vw, 600px\" \/><\/span><div class=\"fusion-clearfix\"><\/div>\n\n\t\t\t\t\t<\/div>\n\t\t\t\t<\/div><div  class=\"fusion-layout-column fusion_builder_column fusion_builder_column_1_2 fusion-builder-column-4 fusion-one-half fusion-column-first 1_2\"  style='margin-top:0px;margin-bottom:20px;width:50%;width:calc(50% - ( ( 4% ) * 0.5 ) );margin-right: 4%;'>\n\t\t\t\t\t<div class=\"fusion-column-wrapper\" style=\"border:1px solid #f3da7a;padding: 0px 0px 0px 0px;background-position:left top;background-repeat:no-repeat;-webkit-background-size:cover;-moz-background-size:cover;-o-background-size:cover;background-size:cover;\"   data-bg-url=\"\">\n\t\t\t\t\t\t<span class=\"fusion-imageframe imageframe-none imageframe-3 hover-type-none\"><img loading=\"lazy\" decoding=\"async\" src=\"https:\/\/www.royalmassagecenter.com\/wp-content\/uploads\/2018\/10\/Judit-3.jpg\" width=\"650\" height=\"433\" alt=\"\" title=\"Judit 3\" class=\"img-responsive wp-image-252\" srcset=\"https:\/\/www.royalmassagecenter.com\/wp-content\/uploads\/2018\/10\/Judit-3-200x133.jpg 200w, https:\/\/www.royalmassagecenter.com\/wp-content\/uploads\/2018\/10\/Judit-3-400x266.jpg 400w, https:\/\/www.royalmassagecenter.com\/wp-content\/uploads\/2018\/10\/Judit-3-600x400.jpg 600w, https:\/\/www.royalmassagecenter.com\/wp-content\/uploads\/2018\/10\/Judit-3.jpg 650w\" sizes=\"auto, (max-width: 800px) 100vw, 600px\" \/><\/span><div class=\"fusion-clearfix\"><\/div>\n\n\t\t\t\t\t<\/div>\n\t\t\t\t<\/div><div  class=\"fusion-layout-column fusion_builder_column fusion_builder_column_1_2 fusion-builder-column-5 fusion-one-half fusion-column-last 1_2\"  style='margin-top:0px;margin-bottom:20px;width:50%;width:calc(50% - ( ( 4% ) * 0.5 ) );'>\n\t\t\t\t\t<div class=\"fusion-column-wrapper\" style=\"border:1px solid #f3da7a;padding: 0px 0px 0px 0px;background-position:left top;background-repeat:no-repeat;-webkit-background-size:cover;-moz-background-size:cover;-o-background-size:cover;background-size:cover;\"   data-bg-url=\"\">\n\t\t\t\t\t\t<span class=\"fusion-imageframe imageframe-none imageframe-4 hover-type-none\"><img loading=\"lazy\" decoding=\"async\" src=\"https:\/\/www.royalmassagecenter.com\/wp-content\/uploads\/2023\/02\/judit-portada.jpg\" width=\"1101\" height=\"733\" alt=\"\" title=\"judit portada\" class=\"img-responsive wp-image-1079\" srcset=\"https:\/\/www.royalmassagecenter.com\/wp-content\/uploads\/2023\/02\/judit-portada-200x133.jpg 200w, https:\/\/www.royalmassagecenter.com\/wp-content\/uploads\/2023\/02\/judit-portada-400x266.jpg 400w, https:\/\/www.royalmassagecenter.com\/wp-content\/uploads\/2023\/02\/judit-portada-600x399.jpg 600w, https:\/\/www.royalmassagecenter.com\/wp-content\/uploads\/2023\/02\/judit-portada-800x533.jpg 800w, https:\/\/www.royalmassagecenter.com\/wp-content\/uploads\/2023\/02\/judit-portada.jpg 1101w\" sizes=\"auto, (max-width: 800px) 100vw, 600px\" \/><\/span><div class=\"fusion-clearfix\"><\/div>\n\n\t\t\t\t\t<\/div>\n\t\t\t\t<\/div><\/div><\/div><div class=\"fusion-fullwidth fullwidth-box fusion-builder-row-2 nonhundred-percent-fullwidth non-hundred-percent-height-scrolling\"  style='background-color: rgba(36,36,36,0);background-position: center center;background-repeat: no-repeat;padding-top:20px;padding-right:0px;padding-bottom:20px;padding-left:0px;'><div class=\"fusion-builder-row fusion-row \"><div  class=\"fusion-layout-column fusion_builder_column fusion_builder_column_1_1 fusion-builder-column-6 fusion-one-full fusion-column-first fusion-column-last 1_1\"  style='margin-top:0px;margin-bottom:20px;'>\n\t\t\t\t\t<div class=\"fusion-column-wrapper\" style=\"padding: 0px 0px 0px 0px;background-position:left top;background-repeat:no-repeat;-webkit-background-size:cover;-moz-background-size:cover;-o-background-size:cover;background-size:cover;\"   data-bg-url=\"\">\n\t\t\t\t\t\t<div class=\"imageframe-align-center\"><span class=\"fusion-imageframe imageframe-none imageframe-5 hover-type-none\"><img loading=\"lazy\" decoding=\"async\" src=\"https:\/\/www.royalmassagecenter.com\/wp-content\/uploads\/2018\/10\/separador.png\" width=\"273\" height=\"37\" alt=\"\" title=\"separador\" class=\"img-responsive wp-image-245\" srcset=\"https:\/\/www.royalmassagecenter.com\/wp-content\/uploads\/2018\/10\/separador-200x27.png 200w, https:\/\/www.royalmassagecenter.com\/wp-content\/uploads\/2018\/10\/separador.png 273w\" sizes=\"auto, (max-width: 800px) 100vw, 273px\" \/><\/span><\/div><div class=\"fusion-button-wrapper fusion-aligncenter\"><style type=\"text\/css\">.fusion-button.button-1 {border-radius:2px;}<\/style><a class=\"fusion-button button-flat fusion-button-default-size button-default button-1 fusion-button-default-span fusion-button-default-type\" target=\"_self\" href=\"https:\/\/www.royalmassagecenter.com\/es\/contacto\/\"><span class=\"fusion-button-text\">Reservar ahora<\/span><\/a><\/div><div class=\"imageframe-align-center\"><span class=\"fusion-imageframe imageframe-none imageframe-6 hover-type-none\"><img loading=\"lazy\" decoding=\"async\" src=\"https:\/\/www.royalmassagecenter.com\/wp-content\/uploads\/2018\/10\/separador.png\" width=\"273\" height=\"37\" alt=\"\" title=\"separador\" class=\"img-responsive wp-image-245\" srcset=\"https:\/\/www.royalmassagecenter.com\/wp-content\/uploads\/2018\/10\/separador-200x27.png 200w, https:\/\/www.royalmassagecenter.com\/wp-content\/uploads\/2018\/10\/separador.png 273w\" sizes=\"auto, (max-width: 800px) 100vw, 273px\" \/><\/span><\/div><div class=\"fusion-clearfix\"><\/div>\n\n\t\t\t\t\t<\/div>\n\t\t\t\t<\/div><div  class=\"fusion-layout-column fusion_builder_column fusion_builder_column_1_1 fusion-builder-column-7 fusion-one-full fusion-column-first fusion-column-last 1_1\"  style='margin-top:0px;margin-bottom:20px;'>\n\t\t\t\t\t<div class=\"fusion-column-wrapper\" style=\"padding: 0px 0px 0px 0px;background-position:left top;background-repeat:no-repeat;-webkit-background-size:cover;-moz-background-size:cover;-o-background-size:cover;background-size:cover;\"   data-bg-url=\"\">\n\t\t\t\t\t\t<div class=\"fusion-sep-clear\"><\/div><div class=\"fusion-separator fusion-full-width-sep sep-shadow\" style=\"background:radial-gradient(ellipse at 50% -50% , #f3da7a 0px, rgba(255, 255, 255, 0) 80%) repeat scroll 0 0 rgba(0, 0, 0, 0);background:-webkit-radial-gradient(ellipse at 50% -50% , #f3da7a 0px, rgba(255, 255, 255, 0) 80%) repeat scroll 0 0 rgba(0, 0, 0, 0);background:-moz-radial-gradient(ellipse at 50% -50% , #f3da7a 0px, rgba(255, 255, 255, 0) 80%) repeat scroll 0 0 rgba(0, 0, 0, 0);background:-o-radial-gradient(ellipse at 50% -50% , #f3da7a 0px, rgba(255, 255, 255, 0) 80%) repeat scroll 0 0 rgba(0, 0, 0, 0);margin-left: auto;margin-right: auto;margin-top:;margin-bottom:20px;\"><\/div><div class=\"fusion-text\"><h2 style=\"text-align: center;\"><a href=\"https:\/\/www.royalmassagecenter.com\/es\/#masajistas\">Ver todas las masajistas<\/a><\/h2>\n<\/div><div class=\"fusion-clearfix\"><\/div>\n\n\t\t\t\t\t<\/div>\n\t\t\t\t<\/div><\/div><\/div><\/p>\n","protected":false},"excerpt":{"rendered":"","protected":false},"author":1,"featured_media":0,"parent":0,"menu_order":0,"comment_status":"closed","ping_status":"closed","template":"","meta":{"footnotes":""},"class_list":["post-322","page","type-page","status-publish","hentry"],"yoast_head":"<!-- This site is optimized with the Yoast SEO plugin v25.6 - https:\/\/yoast.com\/wordpress\/plugins\/seo\/ -->\n<title>Judit &#183; Royal Massage Barcelona<\/title>\n<meta name=\"robots\" content=\"index, follow, max-snippet:-1, max-image-preview:large, max-video-preview:-1\" \/>\n<link rel=\"canonical\" href=\"https:\/\/www.royalmassagecenter.com\/es\/judit\/\" \/>\n<meta property=\"og:locale\" content=\"es_ES\" \/>\n<meta property=\"og:type\" content=\"article\" \/>\n<meta property=\"og:title\" content=\"Judit &#183; Royal Massage Barcelona\" \/>\n<meta property=\"og:url\" content=\"https:\/\/www.royalmassagecenter.com\/es\/judit\/\" \/>\n<meta property=\"og:site_name\" content=\"Royal Massage Barcelona\" \/>\n<meta property=\"article:modified_time\" content=\"2023-02-27T18:22:15+00:00\" \/>\n<meta name=\"twitter:card\" content=\"summary_large_image\" \/>\n<meta name=\"twitter:label1\" content=\"Tiempo de lectura\" \/>\n\t<meta name=\"twitter:data1\" content=\"2 minutos\" \/>\n<script type=\"application\/ld+json\" class=\"yoast-schema-graph\">{\"@context\":\"https:\/\/schema.org\",\"@graph\":[{\"@type\":\"WebPage\",\"@id\":\"https:\/\/www.royalmassagecenter.com\/es\/judit\/\",\"url\":\"https:\/\/www.royalmassagecenter.com\/es\/judit\/\",\"name\":\"Judit &#183; Royal Massage Barcelona\",\"isPartOf\":{\"@id\":\"https:\/\/www.royalmassagecenter.com\/#website\"},\"datePublished\":\"2018-10-10T12:44:01+00:00\",\"dateModified\":\"2023-02-27T18:22:15+00:00\",\"breadcrumb\":{\"@id\":\"https:\/\/www.royalmassagecenter.com\/es\/judit\/#breadcrumb\"},\"inLanguage\":\"es\",\"potentialAction\":[{\"@type\":\"ReadAction\",\"target\":[\"https:\/\/www.royalmassagecenter.com\/es\/judit\/\"]}]},{\"@type\":\"BreadcrumbList\",\"@id\":\"https:\/\/www.royalmassagecenter.com\/es\/judit\/#breadcrumb\",\"itemListElement\":[{\"@type\":\"ListItem\",\"position\":1,\"name\":\"Portada\",\"item\":\"https:\/\/www.royalmassagecenter.com\/es\/\"},{\"@type\":\"ListItem\",\"position\":2,\"name\":\"Judit\"}]},{\"@type\":\"WebSite\",\"@id\":\"https:\/\/www.royalmassagecenter.com\/#website\",\"url\":\"https:\/\/www.royalmassagecenter.com\/\",\"name\":\"Royal Massage Barcelona\",\"description\":\"\",\"potentialAction\":[{\"@type\":\"SearchAction\",\"target\":{\"@type\":\"EntryPoint\",\"urlTemplate\":\"https:\/\/www.royalmassagecenter.com\/?s={search_term_string}\"},\"query-input\":{\"@type\":\"PropertyValueSpecification\",\"valueRequired\":true,\"valueName\":\"search_term_string\"}}],\"inLanguage\":\"es\"}]}<\/script>\n<!-- \/ Yoast SEO plugin. -->","yoast_head_json":{"title":"Judit &#183; Royal Massage Barcelona","robots":{"index":"index","follow":"follow","max-snippet":"max-snippet:-1","max-image-preview":"max-image-preview:large","max-video-preview":"max-video-preview:-1"},"canonical":"https:\/\/www.royalmassagecenter.com\/es\/judit\/","og_locale":"es_ES","og_type":"article","og_title":"Judit &#183; Royal Massage Barcelona","og_url":"https:\/\/www.royalmassagecenter.com\/es\/judit\/","og_site_name":"Royal Massage Barcelona","article_modified_time":"2023-02-27T18:22:15+00:00","twitter_card":"summary_large_image","twitter_misc":{"Tiempo de lectura":"2 minutos"},"schema":{"@context":"https:\/\/schema.org","@graph":[{"@type":"WebPage","@id":"https:\/\/www.royalmassagecenter.com\/es\/judit\/","url":"https:\/\/www.royalmassagecenter.com\/es\/judit\/","name":"Judit &#183; Royal Massage Barcelona","isPartOf":{"@id":"https:\/\/www.royalmassagecenter.com\/#website"},"datePublished":"2018-10-10T12:44:01+00:00","dateModified":"2023-02-27T18:22:15+00:00","breadcrumb":{"@id":"https:\/\/www.royalmassagecenter.com\/es\/judit\/#breadcrumb"},"inLanguage":"es","potentialAction":[{"@type":"ReadAction","target":["https:\/\/www.royalmassagecenter.com\/es\/judit\/"]}]},{"@type":"BreadcrumbList","@id":"https:\/\/www.royalmassagecenter.com\/es\/judit\/#breadcrumb","itemListElement":[{"@type":"ListItem","position":1,"name":"Portada","item":"https:\/\/www.royalmassagecenter.com\/es\/"},{"@type":"ListItem","position":2,"name":"Judit"}]},{"@type":"WebSite","@id":"https:\/\/www.royalmassagecenter.com\/#website","url":"https:\/\/www.royalmassagecenter.com\/","name":"Royal Massage Barcelona","description":"","potentialAction":[{"@type":"SearchAction","target":{"@type":"EntryPoint","urlTemplate":"https:\/\/www.royalmassagecenter.com\/?s={search_term_string}"},"query-input":{"@type":"PropertyValueSpecification","valueRequired":true,"valueName":"search_term_string"}}],"inLanguage":"es"}]}},"_links":{"self":[{"href":"https:\/\/www.royalmassagecenter.com\/es\/wp-json\/wp\/v2\/pages\/322","targetHints":{"allow":["GET"]}}],"collection":[{"href":"https:\/\/www.royalmassagecenter.com\/es\/wp-json\/wp\/v2\/pages"}],"about":[{"href":"https:\/\/www.royalmassagecenter.com\/es\/wp-json\/wp\/v2\/types\/page"}],"author":[{"embeddable":true,"href":"https:\/\/www.royalmassagecenter.com\/es\/wp-json\/wp\/v2\/users\/1"}],"replies":[{"embeddable":true,"href":"https:\/\/www.royalmassagecenter.com\/es\/wp-json\/wp\/v2\/comments?post=322"}],"version-history":[{"count":5,"href":"https:\/\/www.royalmassagecenter.com\/es\/wp-json\/wp\/v2\/pages\/322\/revisions"}],"predecessor-version":[{"id":1083,"href":"https:\/\/www.royalmassagecenter.com\/es\/wp-json\/wp\/v2\/pages\/322\/revisions\/1083"}],"wp:attachment":[{"href":"https:\/\/www.royalmassagecenter.com\/es\/wp-json\/wp\/v2\/media?parent=322"}],"curies":[{"name":"wp","href":"https:\/\/api.w.org\/{rel}","templated":true}]}}