{"id":626,"date":"2019-10-03T07:45:51","date_gmt":"2019-10-03T07:45:51","guid":{"rendered":"https:\/\/www.royalmassagecenter.com\/monica\/"},"modified":"2023-02-27T21:08:35","modified_gmt":"2023-02-27T19:08:35","slug":"monica","status":"publish","type":"page","link":"https:\/\/www.royalmassagecenter.com\/es\/monica\/","title":{"rendered":"M\u00f3nica"},"content":{"rendered":"<p><div class=\"fusion-fullwidth fullwidth-box fusion-builder-row-1 nonhundred-percent-fullwidth non-hundred-percent-height-scrolling\"  style='background-color: rgba(36,36,36,0);background-position: center center;background-repeat: no-repeat;padding-top:0px;padding-right:0px;padding-bottom:0px;padding-left:0px;'><div class=\"fusion-builder-row fusion-row \"><div  class=\"fusion-layout-column fusion_builder_column fusion_builder_column_1_1 fusion-builder-column-1 fusion-one-full fusion-column-first fusion-column-last 1_1\"  style='margin-top:0px;margin-bottom:20px;'>\n\t\t\t\t\t<div class=\"fusion-column-wrapper\" style=\"padding: 0px 0px 0px 0px;background-position:left top;background-repeat:no-repeat;-webkit-background-size:cover;-moz-background-size:cover;-o-background-size:cover;background-size:cover;\"   data-bg-url=\"\">\n\t\t\t\t\t\t<div class=\"fusion-sep-clear\"><\/div><div class=\"fusion-separator fusion-full-width-sep sep-none\" style=\"margin-left: auto;margin-right: auto;margin-top:50px;\"><\/div><div class=\"fusion-text\"><h1>M\u00f3nica<\/h1>\n<p>M\u00f3nica 23 a\u00f1os. Masajista sorprendente y explosiva. Su mirada ardiente, sus labios carnosos y su cuerpo sensual te cautivar\u00e1n.<\/p>\n<\/div><div class=\"fusion-clearfix\"><\/div>\n\n\t\t\t\t\t<\/div>\n\t\t\t\t<\/div><div  class=\"fusion-layout-column fusion_builder_column fusion_builder_column_1_2 fusion-builder-column-2 fusion-one-half fusion-column-first 1_2\"  style='margin-top:0px;margin-bottom:20px;width:50%;width:calc(50% - ( ( 4% ) * 0.5 ) );margin-right: 4%;'>\n\t\t\t\t\t<div class=\"fusion-column-wrapper\" style=\"border:1px solid #f3da7a;padding: 0px 0px 0px 0px;background-position:left top;background-repeat:no-repeat;-webkit-background-size:cover;-moz-background-size:cover;-o-background-size:cover;background-size:cover;\"   data-bg-url=\"\">\n\t\t\t\t\t\t<span class=\"fusion-imageframe imageframe-none imageframe-1 hover-type-none\"><img loading=\"lazy\" decoding=\"async\" src=\"https:\/\/www.royalmassagecenter.com\/wp-content\/uploads\/2023\/02\/Monica4.jpg\" width=\"1000\" height=\"671\" alt=\"\" title=\"Monica4\" class=\"img-responsive wp-image-1120\" srcset=\"https:\/\/www.royalmassagecenter.com\/wp-content\/uploads\/2023\/02\/Monica4-200x134.jpg 200w, https:\/\/www.royalmassagecenter.com\/wp-content\/uploads\/2023\/02\/Monica4-400x268.jpg 400w, https:\/\/www.royalmassagecenter.com\/wp-content\/uploads\/2023\/02\/Monica4-600x403.jpg 600w, https:\/\/www.royalmassagecenter.com\/wp-content\/uploads\/2023\/02\/Monica4-800x537.jpg 800w, https:\/\/www.royalmassagecenter.com\/wp-content\/uploads\/2023\/02\/Monica4.jpg 1000w\" sizes=\"auto, (max-width: 800px) 100vw, 600px\" \/><\/span><div class=\"fusion-clearfix\"><\/div>\n\n\t\t\t\t\t<\/div>\n\t\t\t\t<\/div><div  class=\"fusion-layout-column fusion_builder_column fusion_builder_column_1_2 fusion-builder-column-3 fusion-one-half fusion-column-last 1_2\"  style='margin-top:0px;margin-bottom:20px;width:50%;width:calc(50% - ( ( 4% ) * 0.5 ) );'>\n\t\t\t\t\t<div class=\"fusion-column-wrapper\" style=\"border:1px solid #f3da7a;padding: 0px 0px 0px 0px;background-position:left top;background-repeat:no-repeat;-webkit-background-size:cover;-moz-background-size:cover;-o-background-size:cover;background-size:cover;\"   data-bg-url=\"\">\n\t\t\t\t\t\t<span class=\"fusion-imageframe imageframe-none imageframe-2 hover-type-none\"><img loading=\"lazy\" decoding=\"async\" src=\"https:\/\/www.royalmassagecenter.com\/wp-content\/uploads\/2017\/02\/Daniela3.jpg\" width=\"590\" height=\"397\" alt=\"\" title=\"Abril 2\" class=\"img-responsive wp-image-282\"\/><\/span><div class=\"fusion-clearfix\"><\/div>\n\n\t\t\t\t\t<\/div>\n\t\t\t\t<\/div><div  class=\"fusion-layout-column fusion_builder_column fusion_builder_column_1_2 fusion-builder-column-4 fusion-one-half fusion-column-first 1_2\"  style='margin-top:0px;margin-bottom:20px;width:48%; margin-right: 4%;'>\n\t\t\t\t\t<div class=\"fusion-column-wrapper\" style=\"border:1px solid #f3da7a;padding: 0px 0px 0px 0px;background-position:left top;background-repeat:no-repeat;-webkit-background-size:cover;-moz-background-size:cover;-o-background-size:cover;background-size:cover;\"   data-bg-url=\"\">\n\t\t\t\t\t\t<span class=\"fusion-imageframe imageframe-none imageframe-3 hover-type-none\"><img loading=\"lazy\" decoding=\"async\" src=\"https:\/\/www.royalmassagecenter.com\/wp-content\/uploads\/2023\/02\/monica-p.png\" width=\"674\" height=\"728\" alt=\"\" title=\"monica p\" class=\"img-responsive wp-image-1124\" srcset=\"https:\/\/www.royalmassagecenter.com\/wp-content\/uploads\/2023\/02\/monica-p-200x216.png 200w, https:\/\/www.royalmassagecenter.com\/wp-content\/uploads\/2023\/02\/monica-p-400x432.png 400w, https:\/\/www.royalmassagecenter.com\/wp-content\/uploads\/2023\/02\/monica-p-600x648.png 600w, https:\/\/www.royalmassagecenter.com\/wp-content\/uploads\/2023\/02\/monica-p.png 674w\" sizes=\"auto, (max-width: 800px) 100vw, 600px\" \/><\/span><div class=\"fusion-clearfix\"><\/div>\n\n\t\t\t\t\t<\/div>\n\t\t\t\t<\/div><\/div><\/div><div class=\"fusion-fullwidth fullwidth-box fusion-builder-row-2 nonhundred-percent-fullwidth non-hundred-percent-height-scrolling\"  style='background-color: rgba(36,36,36,0);background-position: center center;background-repeat: no-repeat;padding-top:20px;padding-right:0px;padding-bottom:20px;padding-left:0px;'><div class=\"fusion-builder-row fusion-row \"><div  class=\"fusion-layout-column fusion_builder_column fusion_builder_column_1_1 fusion-builder-column-5 fusion-one-full fusion-column-first fusion-column-last 1_1\"  style='margin-top:0px;margin-bottom:20px;'>\n\t\t\t\t\t<div class=\"fusion-column-wrapper\" style=\"padding: 0px 0px 0px 0px;background-position:left top;background-repeat:no-repeat;-webkit-background-size:cover;-moz-background-size:cover;-o-background-size:cover;background-size:cover;\"   data-bg-url=\"\">\n\t\t\t\t\t\t<div class=\"imageframe-align-center\"><span class=\"fusion-imageframe imageframe-none imageframe-4 hover-type-none\"><img loading=\"lazy\" decoding=\"async\" src=\"https:\/\/www.royalmassagecenter.com\/wp-content\/uploads\/2018\/10\/separador.png\" width=\"273\" height=\"37\" alt=\"\" title=\"separador\" class=\"img-responsive wp-image-245\" srcset=\"https:\/\/www.royalmassagecenter.com\/wp-content\/uploads\/2018\/10\/separador-200x27.png 200w, https:\/\/www.royalmassagecenter.com\/wp-content\/uploads\/2018\/10\/separador.png 273w\" sizes=\"auto, (max-width: 800px) 100vw, 273px\" \/><\/span><\/div><div class=\"fusion-button-wrapper fusion-aligncenter\"><style type=\"text\/css\">.fusion-button.button-1 {border-radius:2px;}<\/style><a class=\"fusion-button button-flat fusion-button-default-size button-default button-1 fusion-button-default-span fusion-button-default-type\" target=\"_self\" href=\"https:\/\/www.royalmassagecenter.com\/contact\/\"><span class=\"fusion-button-text\">Book Now<\/span><\/a><\/div><div class=\"imageframe-align-center\"><span class=\"fusion-imageframe imageframe-none imageframe-5 hover-type-none\"><img loading=\"lazy\" decoding=\"async\" src=\"https:\/\/www.royalmassagecenter.com\/wp-content\/uploads\/2018\/10\/separador.png\" width=\"273\" height=\"37\" alt=\"\" title=\"separador\" class=\"img-responsive wp-image-245\" srcset=\"https:\/\/www.royalmassagecenter.com\/wp-content\/uploads\/2018\/10\/separador-200x27.png 200w, https:\/\/www.royalmassagecenter.com\/wp-content\/uploads\/2018\/10\/separador.png 273w\" sizes=\"auto, (max-width: 800px) 100vw, 273px\" \/><\/span><\/div><div class=\"fusion-clearfix\"><\/div>\n\n\t\t\t\t\t<\/div>\n\t\t\t\t<\/div><div  class=\"fusion-layout-column fusion_builder_column fusion_builder_column_1_1 fusion-builder-column-6 fusion-one-full fusion-column-first fusion-column-last 1_1\"  style='margin-top:0px;margin-bottom:20px;'>\n\t\t\t\t\t<div class=\"fusion-column-wrapper\" style=\"padding: 0px 0px 0px 0px;background-position:left top;background-repeat:no-repeat;-webkit-background-size:cover;-moz-background-size:cover;-o-background-size:cover;background-size:cover;\"   data-bg-url=\"\">\n\t\t\t\t\t\t<div class=\"fusion-sep-clear\"><\/div><div class=\"fusion-separator fusion-full-width-sep sep-shadow\" style=\"background:radial-gradient(ellipse at 50% -50% , #f3da7a 0px, rgba(255, 255, 255, 0) 80%) repeat scroll 0 0 rgba(0, 0, 0, 0);background:-webkit-radial-gradient(ellipse at 50% -50% , #f3da7a 0px, rgba(255, 255, 255, 0) 80%) repeat scroll 0 0 rgba(0, 0, 0, 0);background:-moz-radial-gradient(ellipse at 50% -50% , #f3da7a 0px, rgba(255, 255, 255, 0) 80%) repeat scroll 0 0 rgba(0, 0, 0, 0);background:-o-radial-gradient(ellipse at 50% -50% , #f3da7a 0px, rgba(255, 255, 255, 0) 80%) repeat scroll 0 0 rgba(0, 0, 0, 0);margin-left: auto;margin-right: auto;margin-top:;margin-bottom:20px;\"><\/div><div class=\"fusion-text\"><h2 style=\"text-align: center;\"><a href=\"https:\/\/www.royalmassagecenter.com\/#masseuses\">Look at all our masseuses<\/a><\/h2>\n<\/div><div class=\"fusion-clearfix\"><\/div>\n\n\t\t\t\t\t<\/div>\n\t\t\t\t<\/div><\/div><\/div><\/p>\n","protected":false},"excerpt":{"rendered":"","protected":false},"author":1,"featured_media":0,"parent":0,"menu_order":0,"comment_status":"closed","ping_status":"closed","template":"","meta":{"footnotes":""},"class_list":["post-626","page","type-page","status-publish","hentry"],"yoast_head":"<!-- This site is optimized with the Yoast SEO plugin v25.6 - https:\/\/yoast.com\/wordpress\/plugins\/seo\/ -->\n<title>M\u00f3nica &#183; Royal Massage Barcelona<\/title>\n<meta name=\"robots\" content=\"index, follow, max-snippet:-1, max-image-preview:large, max-video-preview:-1\" \/>\n<link rel=\"canonical\" href=\"https:\/\/www.royalmassagecenter.com\/es\/monica\/\" \/>\n<meta property=\"og:locale\" content=\"es_ES\" \/>\n<meta property=\"og:type\" content=\"article\" \/>\n<meta property=\"og:title\" content=\"M\u00f3nica &#183; Royal Massage Barcelona\" \/>\n<meta property=\"og:url\" content=\"https:\/\/www.royalmassagecenter.com\/es\/monica\/\" \/>\n<meta property=\"og:site_name\" content=\"Royal Massage Barcelona\" \/>\n<meta property=\"article:modified_time\" content=\"2023-02-27T19:08:35+00:00\" \/>\n<meta name=\"twitter:card\" content=\"summary_large_image\" \/>\n<meta name=\"twitter:label1\" content=\"Tiempo de lectura\" \/>\n\t<meta name=\"twitter:data1\" content=\"2 minutos\" \/>\n<script type=\"application\/ld+json\" class=\"yoast-schema-graph\">{\"@context\":\"https:\/\/schema.org\",\"@graph\":[{\"@type\":\"WebPage\",\"@id\":\"https:\/\/www.royalmassagecenter.com\/es\/monica\/\",\"url\":\"https:\/\/www.royalmassagecenter.com\/es\/monica\/\",\"name\":\"M\u00f3nica &#183; Royal Massage Barcelona\",\"isPartOf\":{\"@id\":\"https:\/\/www.royalmassagecenter.com\/#website\"},\"datePublished\":\"2019-10-03T07:45:51+00:00\",\"dateModified\":\"2023-02-27T19:08:35+00:00\",\"breadcrumb\":{\"@id\":\"https:\/\/www.royalmassagecenter.com\/es\/monica\/#breadcrumb\"},\"inLanguage\":\"es\",\"potentialAction\":[{\"@type\":\"ReadAction\",\"target\":[\"https:\/\/www.royalmassagecenter.com\/es\/monica\/\"]}]},{\"@type\":\"BreadcrumbList\",\"@id\":\"https:\/\/www.royalmassagecenter.com\/es\/monica\/#breadcrumb\",\"itemListElement\":[{\"@type\":\"ListItem\",\"position\":1,\"name\":\"Portada\",\"item\":\"https:\/\/www.royalmassagecenter.com\/es\/\"},{\"@type\":\"ListItem\",\"position\":2,\"name\":\"M\u00f3nica\"}]},{\"@type\":\"WebSite\",\"@id\":\"https:\/\/www.royalmassagecenter.com\/#website\",\"url\":\"https:\/\/www.royalmassagecenter.com\/\",\"name\":\"Royal Massage Barcelona\",\"description\":\"\",\"potentialAction\":[{\"@type\":\"SearchAction\",\"target\":{\"@type\":\"EntryPoint\",\"urlTemplate\":\"https:\/\/www.royalmassagecenter.com\/?s={search_term_string}\"},\"query-input\":{\"@type\":\"PropertyValueSpecification\",\"valueRequired\":true,\"valueName\":\"search_term_string\"}}],\"inLanguage\":\"es\"}]}<\/script>\n<!-- \/ Yoast SEO plugin. -->","yoast_head_json":{"title":"M\u00f3nica &#183; Royal Massage Barcelona","robots":{"index":"index","follow":"follow","max-snippet":"max-snippet:-1","max-image-preview":"max-image-preview:large","max-video-preview":"max-video-preview:-1"},"canonical":"https:\/\/www.royalmassagecenter.com\/es\/monica\/","og_locale":"es_ES","og_type":"article","og_title":"M\u00f3nica &#183; Royal Massage Barcelona","og_url":"https:\/\/www.royalmassagecenter.com\/es\/monica\/","og_site_name":"Royal Massage Barcelona","article_modified_time":"2023-02-27T19:08:35+00:00","twitter_card":"summary_large_image","twitter_misc":{"Tiempo de lectura":"2 minutos"},"schema":{"@context":"https:\/\/schema.org","@graph":[{"@type":"WebPage","@id":"https:\/\/www.royalmassagecenter.com\/es\/monica\/","url":"https:\/\/www.royalmassagecenter.com\/es\/monica\/","name":"M\u00f3nica &#183; Royal Massage Barcelona","isPartOf":{"@id":"https:\/\/www.royalmassagecenter.com\/#website"},"datePublished":"2019-10-03T07:45:51+00:00","dateModified":"2023-02-27T19:08:35+00:00","breadcrumb":{"@id":"https:\/\/www.royalmassagecenter.com\/es\/monica\/#breadcrumb"},"inLanguage":"es","potentialAction":[{"@type":"ReadAction","target":["https:\/\/www.royalmassagecenter.com\/es\/monica\/"]}]},{"@type":"BreadcrumbList","@id":"https:\/\/www.royalmassagecenter.com\/es\/monica\/#breadcrumb","itemListElement":[{"@type":"ListItem","position":1,"name":"Portada","item":"https:\/\/www.royalmassagecenter.com\/es\/"},{"@type":"ListItem","position":2,"name":"M\u00f3nica"}]},{"@type":"WebSite","@id":"https:\/\/www.royalmassagecenter.com\/#website","url":"https:\/\/www.royalmassagecenter.com\/","name":"Royal Massage Barcelona","description":"","potentialAction":[{"@type":"SearchAction","target":{"@type":"EntryPoint","urlTemplate":"https:\/\/www.royalmassagecenter.com\/?s={search_term_string}"},"query-input":{"@type":"PropertyValueSpecification","valueRequired":true,"valueName":"search_term_string"}}],"inLanguage":"es"}]}},"_links":{"self":[{"href":"https:\/\/www.royalmassagecenter.com\/es\/wp-json\/wp\/v2\/pages\/626","targetHints":{"allow":["GET"]}}],"collection":[{"href":"https:\/\/www.royalmassagecenter.com\/es\/wp-json\/wp\/v2\/pages"}],"about":[{"href":"https:\/\/www.royalmassagecenter.com\/es\/wp-json\/wp\/v2\/types\/page"}],"author":[{"embeddable":true,"href":"https:\/\/www.royalmassagecenter.com\/es\/wp-json\/wp\/v2\/users\/1"}],"replies":[{"embeddable":true,"href":"https:\/\/www.royalmassagecenter.com\/es\/wp-json\/wp\/v2\/comments?post=626"}],"version-history":[{"count":10,"href":"https:\/\/www.royalmassagecenter.com\/es\/wp-json\/wp\/v2\/pages\/626\/revisions"}],"predecessor-version":[{"id":1127,"href":"https:\/\/www.royalmassagecenter.com\/es\/wp-json\/wp\/v2\/pages\/626\/revisions\/1127"}],"wp:attachment":[{"href":"https:\/\/www.royalmassagecenter.com\/es\/wp-json\/wp\/v2\/media?parent=626"}],"curies":[{"name":"wp","href":"https:\/\/api.w.org\/{rel}","templated":true}]}}