{"id":849,"date":"2021-06-04T09:06:43","date_gmt":"2021-06-04T07:06:43","guid":{"rendered":"https:\/\/www.royalmassagecenter.com\/hygienic-and-safe-space\/"},"modified":"2021-06-04T12:04:10","modified_gmt":"2021-06-04T10:04:10","slug":"espacio-seguro-e-higienico","status":"publish","type":"page","link":"https:\/\/www.royalmassagecenter.com\/es\/espacio-seguro-e-higienico\/","title":{"rendered":"ESPACIO SEGURO E HIGI\u00c9NICO"},"content":{"rendered":"<div class=\"fusion-fullwidth fullwidth-box fusion-builder-row-1 nonhundred-percent-fullwidth non-hundred-percent-height-scrolling\"  style='background-color: #000000;background-position: center center;background-repeat: no-repeat;padding-top:0px;padding-right:0px;padding-bottom:50px;padding-left:0px;margin-top: 50px;'><div class=\"fusion-builder-row fusion-row \"><div  class=\"fusion-layout-column fusion_builder_column fusion_builder_column_2_3 fusion-builder-column-1 fusion-two-third fusion-column-first 2_3\"  style='margin-top:0px;margin-bottom:20px;width:66.66%;width:calc(66.66% - ( ( 4% ) * 0.6666 ) );margin-right: 4%;'>\n\t\t\t\t\t<div class=\"fusion-column-wrapper\" style=\"background-color:#000000;padding: 0px 0px 0px 0px;background-position:left top;background-repeat:no-repeat;-webkit-background-size:cover;-moz-background-size:cover;-o-background-size:cover;background-size:cover;\"   data-bg-url=\"\">\n\t\t\t\t\t\t<div class=\"fusion-text\"><h1>Espacio seguro e higi\u00e9nico<\/h1>\n<p style=\"text-align: justify;\">Cumplimos con todas las medidas obligatorias de seguridad que exige el Ministerio de Sanidad. S\u00f3lo utilizamos materiales desechables (s\u00e1banas, \u00a0zapatillas, toallas de un s\u00f3lo uso) tenemos a su disposici\u00f3n mascarillas desechables, guantes y gel desinfectante de manos (Sterillium) para una completa higienizaci\u00f3n.<\/p>\n<p style=\"text-align: justify;\">El servicio de limpieza es m\u00e1s exhaustivo y se realiza antes y despu\u00e9s de cada visita: disponemos de purificadores de aire con filtros HEPA (H13) y de carb\u00f3n activo, tambi\u00e9n hemos aumentado la ventilaci\u00f3n de aire en \u00e1reas de recepci\u00f3n, ba\u00f1os y habitaciones privadas antes y despu\u00e9s de la ocupaci\u00f3n.<\/p>\n<p style=\"text-align: justify;\">*Todas nuestras masajistas disponen del test COVID-19 a disposici\u00f3n de nuestros clientes.<\/p>\n<\/div><style type=\"text\/css\">.fusion-accordian  #accordion-849-1 .panel-title a .fa-fusion-box{ color: #ffffff;}.fusion-accordian  #accordion-849-1 .panel-title a .fa-fusion-box:before{ font-size: 13px; width: 13px;}.fusion-accordian  #accordion-849-1 .panel-title a{font-size:13px;}.fusion-accordian  #accordion-849-1 .fa-fusion-box { background-color: #3e3e3e;border-color: #3e3e3e;}.fusion-accordian  #accordion-849-1 .panel-title a:hover, #accordion-849-1 .fusion-toggle-boxed-mode:hover .panel-title a { color: #f4d167;}.fusion-accordian  #accordion-849-1 .panel-title .active .fa-fusion-box,.fusion-accordian  #accordion-849-1 .panel-title a:hover .fa-fusion-box { background-color: #f4d167!important;border-color: #f4d167!important;}<\/style><div class=\"accordian fusion-accordian\"><div class=\"panel-group\" id=\"accordion-849-1\" role=\"tablist\"><div class=\"fusion-panel panel-default\" role=\"tabpanel\"><div class=\"panel-heading\"><h4 class=\"panel-title toggle\"><a aria-expanded=\"false\" aria-selected=\"false\" aria-controls=\"cb231fb5a1113fd12\" role=\"tab\" data-toggle=\"collapse\" data-parent=\"#accordion-849-1\" data-target=\"#cb231fb5a1113fd12\" href=\"#cb231fb5a1113fd12\"><span class=\"fusion-toggle-icon-wrapper\" aria-hidden=\"true\"><i class=\"fa-fusion-box\"><\/i><\/span><span class=\"fusion-toggle-heading\">PCR<\/span><\/a><\/h4><\/div><div id=\"cb231fb5a1113fd12\" class=\"panel-collapse collapse \"><div class=\"panel-body toggle-content fusion-clearfix\">\n<p><img loading=\"lazy\" decoding=\"async\" class=\"alignnone size-full wp-image-835\" src=\"https:\/\/www.royalmassagecenter.com\/wp-content\/uploads\/2021\/06\/PRUEBA-COVID19.jpg\" alt=\"\" width=\"1053\" height=\"334\" srcset=\"https:\/\/www.royalmassagecenter.com\/wp-content\/uploads\/2021\/06\/PRUEBA-COVID19-200x63.jpg 200w, https:\/\/www.royalmassagecenter.com\/wp-content\/uploads\/2021\/06\/PRUEBA-COVID19-300x95.jpg 300w, https:\/\/www.royalmassagecenter.com\/wp-content\/uploads\/2021\/06\/PRUEBA-COVID19-400x127.jpg 400w, https:\/\/www.royalmassagecenter.com\/wp-content\/uploads\/2021\/06\/PRUEBA-COVID19-600x190.jpg 600w, https:\/\/www.royalmassagecenter.com\/wp-content\/uploads\/2021\/06\/PRUEBA-COVID19-768x244.jpg 768w, https:\/\/www.royalmassagecenter.com\/wp-content\/uploads\/2021\/06\/PRUEBA-COVID19-800x254.jpg 800w, https:\/\/www.royalmassagecenter.com\/wp-content\/uploads\/2021\/06\/PRUEBA-COVID19-1024x325.jpg 1024w, https:\/\/www.royalmassagecenter.com\/wp-content\/uploads\/2021\/06\/PRUEBA-COVID19.jpg 1053w\" sizes=\"auto, (max-width: 1053px) 100vw, 1053px\" \/><\/p>\n<\/div><\/div><\/div><\/div><\/div><div class=\"fusion-clearfix\"><\/div>\n\n\t\t\t\t\t<\/div>\n\t\t\t\t<\/div><div  class=\"fusion-layout-column fusion_builder_column fusion_builder_column_1_3 fusion-builder-column-2 fusion-one-third fusion-column-last 1_3\"  style='margin-top:0px;margin-bottom:20px;width:33.33%;width:calc(33.33% - ( ( 4% ) * 0.3333 ) );'>\n\t\t\t\t\t<div class=\"fusion-column-wrapper\" style=\"background-color:#000000;padding: 0px 0px 0px 0px;background-position:left top;background-repeat:no-repeat;-webkit-background-size:cover;-moz-background-size:cover;-o-background-size:cover;background-size:cover;\"   data-bg-url=\"\">\n\t\t\t\t\t\t<div class=\"fusion-image-carousel fusion-image-carousel-auto fusion-carousel-border\"><div class=\"fusion-carousel\" data-autoplay=\"no\" data-columns=\"1\" data-itemmargin=\"13\" data-itemwidth=\"180\" data-touchscroll=\"no\" data-imagesize=\"auto\"><div class=\"fusion-carousel-positioner\"><ul class=\"fusion-carousel-holder\"><li class=\"fusion-carousel-item\"><div class=\"fusion-carousel-item-wrapper\"><div class=\"fusion-image-wrapper hover-type-none\"><img loading=\"lazy\" decoding=\"async\" width=\"1000\" height=\"1000\" src=\"https:\/\/www.royalmassagecenter.com\/wp-content\/uploads\/2021\/06\/STERILLIUM.jpg\" class=\"attachment-full size-full\" alt=\"\" srcset=\"https:\/\/www.royalmassagecenter.com\/wp-content\/uploads\/2021\/06\/STERILLIUM-66x66.jpg 66w, https:\/\/www.royalmassagecenter.com\/wp-content\/uploads\/2021\/06\/STERILLIUM-150x150.jpg 150w, https:\/\/www.royalmassagecenter.com\/wp-content\/uploads\/2021\/06\/STERILLIUM-200x200.jpg 200w, https:\/\/www.royalmassagecenter.com\/wp-content\/uploads\/2021\/06\/STERILLIUM-300x300.jpg 300w, https:\/\/www.royalmassagecenter.com\/wp-content\/uploads\/2021\/06\/STERILLIUM-400x400.jpg 400w, https:\/\/www.royalmassagecenter.com\/wp-content\/uploads\/2021\/06\/STERILLIUM-600x600.jpg 600w, https:\/\/www.royalmassagecenter.com\/wp-content\/uploads\/2021\/06\/STERILLIUM-768x768.jpg 768w, https:\/\/www.royalmassagecenter.com\/wp-content\/uploads\/2021\/06\/STERILLIUM-800x800.jpg 800w, https:\/\/www.royalmassagecenter.com\/wp-content\/uploads\/2021\/06\/STERILLIUM.jpg 1000w\" sizes=\"auto, (max-width: 1000px) 100vw, 1000px\" \/><\/div><\/div><\/li><li class=\"fusion-carousel-item\"><div class=\"fusion-carousel-item-wrapper\"><div class=\"fusion-image-wrapper hover-type-none\"><img loading=\"lazy\" decoding=\"async\" width=\"750\" height=\"750\" src=\"https:\/\/www.royalmassagecenter.com\/wp-content\/uploads\/2021\/06\/TOWELS.jpg\" class=\"attachment-full size-full\" alt=\"\" srcset=\"https:\/\/www.royalmassagecenter.com\/wp-content\/uploads\/2021\/06\/TOWELS-66x66.jpg 66w, https:\/\/www.royalmassagecenter.com\/wp-content\/uploads\/2021\/06\/TOWELS-150x150.jpg 150w, https:\/\/www.royalmassagecenter.com\/wp-content\/uploads\/2021\/06\/TOWELS-200x200.jpg 200w, https:\/\/www.royalmassagecenter.com\/wp-content\/uploads\/2021\/06\/TOWELS-300x300.jpg 300w, https:\/\/www.royalmassagecenter.com\/wp-content\/uploads\/2021\/06\/TOWELS-400x400.jpg 400w, https:\/\/www.royalmassagecenter.com\/wp-content\/uploads\/2021\/06\/TOWELS-600x600.jpg 600w, https:\/\/www.royalmassagecenter.com\/wp-content\/uploads\/2021\/06\/TOWELS.jpg 750w\" sizes=\"auto, (max-width: 750px) 100vw, 750px\" \/><\/div><\/div><\/li><li class=\"fusion-carousel-item\"><div class=\"fusion-carousel-item-wrapper\"><div class=\"fusion-image-wrapper hover-type-none\"><img loading=\"lazy\" decoding=\"async\" width=\"720\" height=\"720\" src=\"https:\/\/www.royalmassagecenter.com\/wp-content\/uploads\/2021\/06\/proteccion-covid.jpg\" class=\"attachment-full size-full\" alt=\"\" srcset=\"https:\/\/www.royalmassagecenter.com\/wp-content\/uploads\/2021\/06\/proteccion-covid-66x66.jpg 66w, https:\/\/www.royalmassagecenter.com\/wp-content\/uploads\/2021\/06\/proteccion-covid-150x150.jpg 150w, https:\/\/www.royalmassagecenter.com\/wp-content\/uploads\/2021\/06\/proteccion-covid-200x200.jpg 200w, https:\/\/www.royalmassagecenter.com\/wp-content\/uploads\/2021\/06\/proteccion-covid-300x300.jpg 300w, https:\/\/www.royalmassagecenter.com\/wp-content\/uploads\/2021\/06\/proteccion-covid-400x400.jpg 400w, https:\/\/www.royalmassagecenter.com\/wp-content\/uploads\/2021\/06\/proteccion-covid-600x600.jpg 600w, https:\/\/www.royalmassagecenter.com\/wp-content\/uploads\/2021\/06\/proteccion-covid.jpg 720w\" sizes=\"auto, (max-width: 720px) 100vw, 720px\" \/><\/div><\/div><\/li><\/ul><div class=\"fusion-carousel-nav\"><span class=\"fusion-nav-prev\"><\/span><span class=\"fusion-nav-next\"><\/span><\/div><\/div><\/div><\/div><div class=\"fusion-clearfix\"><\/div>\n\n\t\t\t\t\t<\/div>\n\t\t\t\t<\/div><\/div><\/div>\n","protected":false},"excerpt":{"rendered":"","protected":false},"author":1,"featured_media":0,"parent":0,"menu_order":0,"comment_status":"closed","ping_status":"closed","template":"","meta":{"footnotes":""},"class_list":["post-849","page","type-page","status-publish","hentry"],"yoast_head":"<!-- This site is optimized with the Yoast SEO plugin v25.6 - https:\/\/yoast.com\/wordpress\/plugins\/seo\/ -->\n<title>ESPACIO SEGURO E HIGI\u00c9NICO &#183; Royal Massage Barcelona<\/title>\n<meta name=\"robots\" content=\"index, follow, max-snippet:-1, max-image-preview:large, max-video-preview:-1\" \/>\n<link rel=\"canonical\" href=\"https:\/\/www.royalmassagecenter.com\/es\/espacio-seguro-e-higienico\/\" \/>\n<meta property=\"og:locale\" content=\"es_ES\" \/>\n<meta property=\"og:type\" content=\"article\" \/>\n<meta property=\"og:title\" content=\"ESPACIO SEGURO E HIGI\u00c9NICO &#183; Royal Massage Barcelona\" \/>\n<meta property=\"og:url\" content=\"https:\/\/www.royalmassagecenter.com\/es\/espacio-seguro-e-higienico\/\" \/>\n<meta property=\"og:site_name\" content=\"Royal Massage Barcelona\" \/>\n<meta property=\"article:modified_time\" content=\"2021-06-04T10:04:10+00:00\" \/>\n<meta property=\"og:image\" content=\"https:\/\/www.royalmassagecenter.com\/wp-content\/uploads\/2021\/06\/PRUEBA-COVID19.jpg\" \/>\n<meta name=\"twitter:card\" content=\"summary_large_image\" \/>\n<meta name=\"twitter:label1\" content=\"Tiempo de lectura\" \/>\n\t<meta name=\"twitter:data1\" content=\"2 minutos\" \/>\n<script type=\"application\/ld+json\" class=\"yoast-schema-graph\">{\"@context\":\"https:\/\/schema.org\",\"@graph\":[{\"@type\":\"WebPage\",\"@id\":\"https:\/\/www.royalmassagecenter.com\/es\/espacio-seguro-e-higienico\/\",\"url\":\"https:\/\/www.royalmassagecenter.com\/es\/espacio-seguro-e-higienico\/\",\"name\":\"ESPACIO SEGURO E HIGI\u00c9NICO &#183; Royal Massage Barcelona\",\"isPartOf\":{\"@id\":\"https:\/\/www.royalmassagecenter.com\/#website\"},\"primaryImageOfPage\":{\"@id\":\"https:\/\/www.royalmassagecenter.com\/es\/espacio-seguro-e-higienico\/#primaryimage\"},\"image\":{\"@id\":\"https:\/\/www.royalmassagecenter.com\/es\/espacio-seguro-e-higienico\/#primaryimage\"},\"thumbnailUrl\":\"https:\/\/www.royalmassagecenter.com\/wp-content\/uploads\/2021\/06\/PRUEBA-COVID19.jpg\",\"datePublished\":\"2021-06-04T07:06:43+00:00\",\"dateModified\":\"2021-06-04T10:04:10+00:00\",\"breadcrumb\":{\"@id\":\"https:\/\/www.royalmassagecenter.com\/es\/espacio-seguro-e-higienico\/#breadcrumb\"},\"inLanguage\":\"es\",\"potentialAction\":[{\"@type\":\"ReadAction\",\"target\":[\"https:\/\/www.royalmassagecenter.com\/es\/espacio-seguro-e-higienico\/\"]}]},{\"@type\":\"ImageObject\",\"inLanguage\":\"es\",\"@id\":\"https:\/\/www.royalmassagecenter.com\/es\/espacio-seguro-e-higienico\/#primaryimage\",\"url\":\"https:\/\/www.royalmassagecenter.com\/wp-content\/uploads\/2021\/06\/PRUEBA-COVID19.jpg\",\"contentUrl\":\"https:\/\/www.royalmassagecenter.com\/wp-content\/uploads\/2021\/06\/PRUEBA-COVID19.jpg\"},{\"@type\":\"BreadcrumbList\",\"@id\":\"https:\/\/www.royalmassagecenter.com\/es\/espacio-seguro-e-higienico\/#breadcrumb\",\"itemListElement\":[{\"@type\":\"ListItem\",\"position\":1,\"name\":\"Portada\",\"item\":\"https:\/\/www.royalmassagecenter.com\/es\/\"},{\"@type\":\"ListItem\",\"position\":2,\"name\":\"ESPACIO SEGURO E HIGI\u00c9NICO\"}]},{\"@type\":\"WebSite\",\"@id\":\"https:\/\/www.royalmassagecenter.com\/#website\",\"url\":\"https:\/\/www.royalmassagecenter.com\/\",\"name\":\"Royal Massage Barcelona\",\"description\":\"\",\"potentialAction\":[{\"@type\":\"SearchAction\",\"target\":{\"@type\":\"EntryPoint\",\"urlTemplate\":\"https:\/\/www.royalmassagecenter.com\/?s={search_term_string}\"},\"query-input\":{\"@type\":\"PropertyValueSpecification\",\"valueRequired\":true,\"valueName\":\"search_term_string\"}}],\"inLanguage\":\"es\"}]}<\/script>\n<!-- \/ Yoast SEO plugin. -->","yoast_head_json":{"title":"ESPACIO SEGURO E HIGI\u00c9NICO &#183; Royal Massage Barcelona","robots":{"index":"index","follow":"follow","max-snippet":"max-snippet:-1","max-image-preview":"max-image-preview:large","max-video-preview":"max-video-preview:-1"},"canonical":"https:\/\/www.royalmassagecenter.com\/es\/espacio-seguro-e-higienico\/","og_locale":"es_ES","og_type":"article","og_title":"ESPACIO SEGURO E HIGI\u00c9NICO &#183; Royal Massage Barcelona","og_url":"https:\/\/www.royalmassagecenter.com\/es\/espacio-seguro-e-higienico\/","og_site_name":"Royal Massage Barcelona","article_modified_time":"2021-06-04T10:04:10+00:00","og_image":[{"url":"https:\/\/www.royalmassagecenter.com\/wp-content\/uploads\/2021\/06\/PRUEBA-COVID19.jpg","type":"","width":"","height":""}],"twitter_card":"summary_large_image","twitter_misc":{"Tiempo de lectura":"2 minutos"},"schema":{"@context":"https:\/\/schema.org","@graph":[{"@type":"WebPage","@id":"https:\/\/www.royalmassagecenter.com\/es\/espacio-seguro-e-higienico\/","url":"https:\/\/www.royalmassagecenter.com\/es\/espacio-seguro-e-higienico\/","name":"ESPACIO SEGURO E HIGI\u00c9NICO &#183; Royal Massage Barcelona","isPartOf":{"@id":"https:\/\/www.royalmassagecenter.com\/#website"},"primaryImageOfPage":{"@id":"https:\/\/www.royalmassagecenter.com\/es\/espacio-seguro-e-higienico\/#primaryimage"},"image":{"@id":"https:\/\/www.royalmassagecenter.com\/es\/espacio-seguro-e-higienico\/#primaryimage"},"thumbnailUrl":"https:\/\/www.royalmassagecenter.com\/wp-content\/uploads\/2021\/06\/PRUEBA-COVID19.jpg","datePublished":"2021-06-04T07:06:43+00:00","dateModified":"2021-06-04T10:04:10+00:00","breadcrumb":{"@id":"https:\/\/www.royalmassagecenter.com\/es\/espacio-seguro-e-higienico\/#breadcrumb"},"inLanguage":"es","potentialAction":[{"@type":"ReadAction","target":["https:\/\/www.royalmassagecenter.com\/es\/espacio-seguro-e-higienico\/"]}]},{"@type":"ImageObject","inLanguage":"es","@id":"https:\/\/www.royalmassagecenter.com\/es\/espacio-seguro-e-higienico\/#primaryimage","url":"https:\/\/www.royalmassagecenter.com\/wp-content\/uploads\/2021\/06\/PRUEBA-COVID19.jpg","contentUrl":"https:\/\/www.royalmassagecenter.com\/wp-content\/uploads\/2021\/06\/PRUEBA-COVID19.jpg"},{"@type":"BreadcrumbList","@id":"https:\/\/www.royalmassagecenter.com\/es\/espacio-seguro-e-higienico\/#breadcrumb","itemListElement":[{"@type":"ListItem","position":1,"name":"Portada","item":"https:\/\/www.royalmassagecenter.com\/es\/"},{"@type":"ListItem","position":2,"name":"ESPACIO SEGURO E HIGI\u00c9NICO"}]},{"@type":"WebSite","@id":"https:\/\/www.royalmassagecenter.com\/#website","url":"https:\/\/www.royalmassagecenter.com\/","name":"Royal Massage Barcelona","description":"","potentialAction":[{"@type":"SearchAction","target":{"@type":"EntryPoint","urlTemplate":"https:\/\/www.royalmassagecenter.com\/?s={search_term_string}"},"query-input":{"@type":"PropertyValueSpecification","valueRequired":true,"valueName":"search_term_string"}}],"inLanguage":"es"}]}},"_links":{"self":[{"href":"https:\/\/www.royalmassagecenter.com\/es\/wp-json\/wp\/v2\/pages\/849","targetHints":{"allow":["GET"]}}],"collection":[{"href":"https:\/\/www.royalmassagecenter.com\/es\/wp-json\/wp\/v2\/pages"}],"about":[{"href":"https:\/\/www.royalmassagecenter.com\/es\/wp-json\/wp\/v2\/types\/page"}],"author":[{"embeddable":true,"href":"https:\/\/www.royalmassagecenter.com\/es\/wp-json\/wp\/v2\/users\/1"}],"replies":[{"embeddable":true,"href":"https:\/\/www.royalmassagecenter.com\/es\/wp-json\/wp\/v2\/comments?post=849"}],"version-history":[{"count":5,"href":"https:\/\/www.royalmassagecenter.com\/es\/wp-json\/wp\/v2\/pages\/849\/revisions"}],"predecessor-version":[{"id":864,"href":"https:\/\/www.royalmassagecenter.com\/es\/wp-json\/wp\/v2\/pages\/849\/revisions\/864"}],"wp:attachment":[{"href":"https:\/\/www.royalmassagecenter.com\/es\/wp-json\/wp\/v2\/media?parent=849"}],"curies":[{"name":"wp","href":"https:\/\/api.w.org\/{rel}","templated":true}]}}